{"id":25989576,"date":"2025-03-28T06:33:11","date_gmt":"2025-03-28T06:33:11","guid":{"rendered":"https:\/\/seagullessaouira.com\/accueil\/notre-histoire-seagull-surf-school-rentals\/"},"modified":"2025-09-25T21:54:45","modified_gmt":"2025-09-25T21:54:45","slug":"notre-histoire-seagull-surf-school-rentals","status":"publish","type":"page","link":"https:\/\/seagullessaouira.com\/fr\/accueil\/notre-histoire-seagull-surf-school-rentals\/","title":{"rendered":"Notre Histoire &#8211; Seagull Surf School &#038; Rentals"},"content":{"rendered":"<p>[et_pb_section fb_built=\u00a0\u00bb1&Prime; _builder_version=\u00a0\u00bb4.27.4&Prime; _module_preset=\u00a0\u00bbdefault\u00a0\u00bb background_image=\u00a0\u00bbhttp:\/\/seagullessaouira.com\/wp-content\/uploads\/2024\/12\/background-hero.webp\u00a0\u00bb position_origin_a=\u00a0\u00bbtop_center\u00a0\u00bb position_origin_f=\u00a0\u00bbtop_center\u00a0\u00bb vertical_offset=\u00a0\u00bb-26px\u00a0\u00bb height=\u00a0\u00bb50vh\u00a0\u00bb custom_margin_tablet=\u00a0\u00bb-52px||||false|false\u00a0\u00bb custom_margin_phone=\u00a0\u00bb-52px||||false|false\u00a0\u00bb custom_margin_last_edited=\u00a0\u00bbon|phone\u00a0\u00bb global_colors_info=\u00a0\u00bb{}\u00a0\u00bb][\/et_pb_section][et_pb_section fb_built=\u00a0\u00bb1&Prime; _builder_version=\u00a0\u00bb4.27.4&Prime; _module_preset=\u00a0\u00bbdefault\u00a0\u00bb background_color=\u00a0\u00bbrgba(219,219,219,0)\u00a0\u00bb vertical_offset=\u00a0\u00bb-71px\u00a0\u00bb custom_padding=\u00a0\u00bb0px||4px|||\u00a0\u00bb global_colors_info=\u00a0\u00bb{}\u00a0\u00bb][et_pb_row _builder_version=\u00a0\u00bb4.27.4&Prime; _module_preset=\u00a0\u00bbdefault\u00a0\u00bb background_color=\u00a0\u00bb#F1F5F9&Prime; width_tablet=\u00a0\u00bb\u00a0\u00bb width_phone=\u00a0\u00bb90%\u00a0\u00bb width_last_edited=\u00a0\u00bbon|phone\u00a0\u00bb custom_margin=\u00a0\u00bb||||false|false\u00a0\u00bb global_colors_info=\u00a0\u00bb{}\u00a0\u00bb][et_pb_column type=\u00a0\u00bb4_4&Prime; _builder_version=\u00a0\u00bb4.27.4&Prime; _module_preset=\u00a0\u00bbdefault\u00a0\u00bb global_colors_info=\u00a0\u00bb{}\u00a0\u00bb][et_pb_text _builder_version=\u00a0\u00bb4.27.4&Prime; _module_preset=\u00a0\u00bbdefault\u00a0\u00bb header_font=\u00a0\u00bbInter|700|||||||\u00a0\u00bb header_text_align=\u00a0\u00bbcenter\u00a0\u00bb header_text_color=\u00a0\u00bb#334255&Prime; header_font_size=\u00a0\u00bb47px\u00a0\u00bb custom_margin=\u00a0\u00bb||10px|||\u00a0\u00bb custom_padding=\u00a0\u00bb20px||||false|false\u00a0\u00bb global_colors_info=\u00a0\u00bb{}\u00a0\u00bb]<\/p>\n<h1 class=\"p1\">Notre Histoire<\/h1>\n<p>[\/et_pb_text][et_pb_text _builder_version=\u00a0\u00bb4.27.4&Prime; _module_preset=\u00a0\u00bbdefault\u00a0\u00bb text_font=\u00a0\u00bbABeeZee||||||||\u00a0\u00bb quote_font=\u00a0\u00bbABeeZee|&#8211;et_global_body_font_weight|||||||\u00a0\u00bb width=\u00a0\u00bb70%\u00a0\u00bb width_tablet=\u00a0\u00bb70%\u00a0\u00bb width_phone=\u00a0\u00bb100%\u00a0\u00bb width_last_edited=\u00a0\u00bbon|phone\u00a0\u00bb module_alignment=\u00a0\u00bbcenter\u00a0\u00bb global_colors_info=\u00a0\u00bb{}\u00a0\u00bb]<\/p>\n<p class=\"p1\">\u00ab Nous avons observ\u00e9 une mouette danser le long du rivage d\u2019Essaouira \u2014 planant dans le ciel tel un kitesurfeur, effleurant l\u2019oc\u00e9an comme un surfeur en qu\u00eate du tube parfait, et flottant avec ses pattes fr\u00f4lant l\u2019eau tel un wingfoiler en parfait \u00e9quilibre. Ce moment est devenu<strong> notre inspiration.<\/strong> \u00bb<\/p>\n<p>[\/et_pb_text][\/et_pb_column][\/et_pb_row][et_pb_row _builder_version=\u00a0\u00bb4.27.4&Prime; _module_preset=\u00a0\u00bbdefault\u00a0\u00bb width_tablet=\u00a0\u00bb\u00a0\u00bb width_phone=\u00a0\u00bb90%\u00a0\u00bb width_last_edited=\u00a0\u00bbon|phone\u00a0\u00bb custom_padding=\u00a0\u00bb15px||5px|||\u00a0\u00bb global_colors_info=\u00a0\u00bb{}\u00a0\u00bb][et_pb_column type=\u00a0\u00bb4_4&Prime; _builder_version=\u00a0\u00bb4.27.4&Prime; _module_preset=\u00a0\u00bbdefault\u00a0\u00bb global_colors_info=\u00a0\u00bb{}\u00a0\u00bb][et_pb_text _builder_version=\u00a0\u00bb4.27.4&Prime; _module_preset=\u00a0\u00bbdefault\u00a0\u00bb header_font=\u00a0\u00bbInter|700|||||||\u00a0\u00bb header_text_align=\u00a0\u00bbcenter\u00a0\u00bb header_text_color=\u00a0\u00bb#334255&Prime; header_font_size=\u00a0\u00bb47px\u00a0\u00bb header_2_font=\u00a0\u00bbInter|700|||||||\u00a0\u00bb custom_margin=\u00a0\u00bb||3px|||\u00a0\u00bb custom_padding=\u00a0\u00bb20px||6px||false|false\u00a0\u00bb global_colors_info=\u00a0\u00bb{}\u00a0\u00bb]<\/p>\n<h2 class=\"p1\">N\u00e9 de l\u2019Oc\u00e9an, Fa\u00e7onn\u00e9 par le Vent<\/h2>\n<p>[\/et_pb_text][et_pb_text _builder_version=\u00a0\u00bb4.27.4&Prime; _module_preset=\u00a0\u00bbdefault\u00a0\u00bb width=\u00a0\u00bb80%\u00a0\u00bb width_tablet=\u00a0\u00bb80%\u00a0\u00bb width_phone=\u00a0\u00bb100%\u00a0\u00bb width_last_edited=\u00a0\u00bbon|phone\u00a0\u00bb module_alignment=\u00a0\u00bbcenter\u00a0\u00bb global_colors_info=\u00a0\u00bb{}\u00a0\u00bb]<\/p>\n<p class=\"p1\">Seagull Club est n\u00e9 ici m\u00eame, sur les rives d\u2019Essaouira, o\u00f9 le vent parle son propre langage et les vagues racontent des histoires. Depuis des ann\u00e9es, nous glissons sur ces eaux, non seulement pour le plaisir, mais aussi dans le cadre d\u2019une mission plus vaste : partager la magie de ce paradis du surf et du vent avec le monde.<\/p>\n<p>[\/et_pb_text][\/et_pb_column][\/et_pb_row][\/et_pb_section][et_pb_section fb_built=\u00a0\u00bb1&Prime; _builder_version=\u00a0\u00bb4.27.4&Prime; _module_preset=\u00a0\u00bbdefault\u00a0\u00bb background_color=\u00a0\u00bb#334255&Prime; global_colors_info=\u00a0\u00bb{}\u00a0\u00bb][et_pb_row _builder_version=\u00a0\u00bb4.27.4&Prime; _module_preset=\u00a0\u00bbdefault\u00a0\u00bb width_tablet=\u00a0\u00bb\u00a0\u00bb width_phone=\u00a0\u00bb90%\u00a0\u00bb width_last_edited=\u00a0\u00bbon|phone\u00a0\u00bb global_colors_info=\u00a0\u00bb{}\u00a0\u00bb][et_pb_column type=\u00a0\u00bb4_4&Prime; _builder_version=\u00a0\u00bb4.27.4&Prime; _module_preset=\u00a0\u00bbdefault\u00a0\u00bb global_colors_info=\u00a0\u00bb{}\u00a0\u00bb][et_pb_text _builder_version=\u00a0\u00bb4.27.4&Prime; _module_preset=\u00a0\u00bbdefault\u00a0\u00bb text_font=\u00a0\u00bb&#8211;et_global_body_font||||||||\u00a0\u00bb text_text_color=\u00a0\u00bb#FFFFFF\u00a0\u00bb header_font=\u00a0\u00bbInter|700|||||||\u00a0\u00bb header_text_align=\u00a0\u00bbcenter\u00a0\u00bb header_text_color=\u00a0\u00bb#334255&Prime; header_font_size=\u00a0\u00bb47px\u00a0\u00bb header_2_font=\u00a0\u00bbInter|700|||||||\u00a0\u00bb header_2_text_color=\u00a0\u00bb#FFFFFF\u00a0\u00bb header_3_font=\u00a0\u00bb&#8211;et_global_body_font|600|||||||\u00a0\u00bb header_3_text_align=\u00a0\u00bbcenter\u00a0\u00bb header_3_text_color=\u00a0\u00bb#FFFFFF\u00a0\u00bb custom_margin=\u00a0\u00bb||3px|||\u00a0\u00bb custom_padding=\u00a0\u00bb20px||6px||false|false\u00a0\u00bb hover_enabled=\u00a0\u00bb0&Prime; global_colors_info=\u00a0\u00bb{}\u00a0\u00bb sticky_enabled=\u00a0\u00bb0&Prime;]<\/p>\n<h2 class=\"p1\">Le Lancement de Seagull Club<\/h2>\n<p>[\/et_pb_text][et_pb_text _builder_version=\u00a0\u00bb4.27.4&Prime; _module_preset=\u00a0\u00bbdefault\u00a0\u00bb text_font=\u00a0\u00bb&#8211;et_global_body_font|500|||||||\u00a0\u00bb text_text_color=\u00a0\u00bb#F1F5F9&Prime; width=\u00a0\u00bb80%\u00a0\u00bb width_tablet=\u00a0\u00bb80%\u00a0\u00bb width_phone=\u00a0\u00bb90%\u00a0\u00bb width_last_edited=\u00a0\u00bbon|phone\u00a0\u00bb module_alignment=\u00a0\u00bbcenter\u00a0\u00bb hover_enabled=\u00a0\u00bb0&Prime; global_colors_info=\u00a0\u00bb{}\u00a0\u00bb sticky_enabled=\u00a0\u00bb0&Prime;]<\/p>\n<p class=\"p1\">Aujourd\u2019hui, nous sommes ravis de lancer Seagull Club, notre nouveau chapitre, \u00e9crit avec passion, exp\u00e9rience et l\u2019\u00e2me locale de la culture surf d\u2019Essaouira, au Maroc.<\/p>\n<p>[\/et_pb_text][\/et_pb_column][\/et_pb_row][\/et_pb_section]<\/p>\n","protected":false},"excerpt":{"rendered":"<p>Notre Histoire\u00ab Nous avons observ\u00e9 une mouette danser le long du rivage d\u2019Essaouira \u2014 planant dans le ciel tel un kitesurfeur, effleurant l\u2019oc\u00e9an comme un surfeur en qu\u00eate du tube parfait, et flottant avec ses pattes fr\u00f4lant l\u2019eau tel un wingfoiler en parfait \u00e9quilibre. Ce moment est devenu notre inspiration. \u00bbN\u00e9 de l\u2019Oc\u00e9an, Fa\u00e7onn\u00e9 par [&hellip;]<\/p>\n","protected":false},"author":1,"featured_media":0,"parent":25989476,"menu_order":0,"comment_status":"closed","ping_status":"closed","template":"","meta":{"_acf_changed":false,"_et_pb_use_builder":"on","_et_pb_old_content":"","_et_gb_content_width":"","footnotes":""},"dipi_cpt_category":[],"class_list":["post-25989576","page","type-page","status-publish","hentry"],"acf":[],"_hostinger_reach_plugin_has_subscription_block":false,"_hostinger_reach_plugin_is_elementor":false,"_links":{"self":[{"href":"https:\/\/seagullessaouira.com\/fr\/wp-json\/wp\/v2\/pages\/25989576","targetHints":{"allow":["GET"]}}],"collection":[{"href":"https:\/\/seagullessaouira.com\/fr\/wp-json\/wp\/v2\/pages"}],"about":[{"href":"https:\/\/seagullessaouira.com\/fr\/wp-json\/wp\/v2\/types\/page"}],"author":[{"embeddable":true,"href":"https:\/\/seagullessaouira.com\/fr\/wp-json\/wp\/v2\/users\/1"}],"replies":[{"embeddable":true,"href":"https:\/\/seagullessaouira.com\/fr\/wp-json\/wp\/v2\/comments?post=25989576"}],"version-history":[{"count":5,"href":"https:\/\/seagullessaouira.com\/fr\/wp-json\/wp\/v2\/pages\/25989576\/revisions"}],"predecessor-version":[{"id":25989581,"href":"https:\/\/seagullessaouira.com\/fr\/wp-json\/wp\/v2\/pages\/25989576\/revisions\/25989581"}],"up":[{"embeddable":true,"href":"https:\/\/seagullessaouira.com\/fr\/wp-json\/wp\/v2\/pages\/25989476"}],"wp:attachment":[{"href":"https:\/\/seagullessaouira.com\/fr\/wp-json\/wp\/v2\/media?parent=25989576"}],"wp:term":[{"taxonomy":"dipi_cpt_category","embeddable":true,"href":"https:\/\/seagullessaouira.com\/fr\/wp-json\/wp\/v2\/dipi_cpt_category?post=25989576"}],"curies":[{"name":"wp","href":"https:\/\/api.w.org\/{rel}","templated":true}]}}