{"id":25989556,"date":"2025-04-07T00:42:19","date_gmt":"2025-04-07T00:42:19","guid":{"rendered":"https:\/\/seagullessaouira.com\/hebergement-a-essaouira-ecole-et-location-de-surf-seagull\/"},"modified":"2025-09-25T21:16:11","modified_gmt":"2025-09-25T21:16:11","slug":"hebergement-a-essaouira-ecole-et-location-de-surf-seagull","status":"publish","type":"page","link":"https:\/\/seagullessaouira.com\/fr\/hebergement-a-essaouira-ecole-et-location-de-surf-seagull\/","title":{"rendered":"H\u00e9bergement \u00e0 Essaouira &#8211; \u00e9cole et location de surf seagull"},"content":{"rendered":"<p>[et_pb_section fb_built=\u00a0\u00bb1&Prime; _builder_version=\u00a0\u00bb4.27.4&Prime; _module_preset=\u00a0\u00bbdefault\u00a0\u00bb background_image=\u00a0\u00bbhttp:\/\/seagullessaouira.com\/wp-content\/uploads\/2024\/12\/background-hero.webp\u00a0\u00bb position_origin_a=\u00a0\u00bbtop_center\u00a0\u00bb position_origin_f=\u00a0\u00bbtop_center\u00a0\u00bb vertical_offset=\u00a0\u00bb-26px\u00a0\u00bb height=\u00a0\u00bb50vh\u00a0\u00bb custom_margin_tablet=\u00a0\u00bb-52px||||false|false\u00a0\u00bb custom_margin_phone=\u00a0\u00bb-52px||||false|false\u00a0\u00bb custom_margin_last_edited=\u00a0\u00bbon|phone\u00a0\u00bb da_disable_devices=\u00a0\u00bboff|off|off\u00a0\u00bb global_colors_info=\u00a0\u00bb{}\u00a0\u00bb da_is_popup=\u00a0\u00bboff\u00a0\u00bb da_exit_intent=\u00a0\u00bboff\u00a0\u00bb da_has_close=\u00a0\u00bbon\u00a0\u00bb da_alt_close=\u00a0\u00bboff\u00a0\u00bb da_dark_close=\u00a0\u00bboff\u00a0\u00bb da_not_modal=\u00a0\u00bbon\u00a0\u00bb da_is_singular=\u00a0\u00bboff\u00a0\u00bb da_with_loader=\u00a0\u00bboff\u00a0\u00bb da_has_shadow=\u00a0\u00bbon\u00a0\u00bb][\/et_pb_section][et_pb_section fb_built=\u00a0\u00bb1&Prime; _builder_version=\u00a0\u00bb4.27.4&Prime; _module_preset=\u00a0\u00bbdefault\u00a0\u00bb background_color=\u00a0\u00bbrgba(219,219,219,0)\u00a0\u00bb vertical_offset=\u00a0\u00bb-71px\u00a0\u00bb custom_padding=\u00a0\u00bb0px||4px|||\u00a0\u00bb da_disable_devices=\u00a0\u00bboff|off|off\u00a0\u00bb global_colors_info=\u00a0\u00bb{}\u00a0\u00bb da_is_popup=\u00a0\u00bboff\u00a0\u00bb da_exit_intent=\u00a0\u00bboff\u00a0\u00bb da_has_close=\u00a0\u00bbon\u00a0\u00bb da_alt_close=\u00a0\u00bboff\u00a0\u00bb da_dark_close=\u00a0\u00bboff\u00a0\u00bb da_not_modal=\u00a0\u00bbon\u00a0\u00bb da_is_singular=\u00a0\u00bboff\u00a0\u00bb da_with_loader=\u00a0\u00bboff\u00a0\u00bb da_has_shadow=\u00a0\u00bbon\u00a0\u00bb][et_pb_row _builder_version=\u00a0\u00bb4.27.4&Prime; _module_preset=\u00a0\u00bbdefault\u00a0\u00bb background_color=\u00a0\u00bb#F1F5F9&Prime; width_tablet=\u00a0\u00bb\u00a0\u00bb width_phone=\u00a0\u00bb90%\u00a0\u00bb width_last_edited=\u00a0\u00bbon|phone\u00a0\u00bb custom_margin=\u00a0\u00bb||||false|false\u00a0\u00bb global_colors_info=\u00a0\u00bb{}\u00a0\u00bb][et_pb_column type=\u00a0\u00bb4_4&Prime; _builder_version=\u00a0\u00bb4.27.4&Prime; _module_preset=\u00a0\u00bbdefault\u00a0\u00bb global_colors_info=\u00a0\u00bb{}\u00a0\u00bb][et_pb_text _builder_version=\u00a0\u00bb4.27.4&Prime; _module_preset=\u00a0\u00bbdefault\u00a0\u00bb header_font=\u00a0\u00bbInter|700|||||||\u00a0\u00bb header_text_align=\u00a0\u00bbcenter\u00a0\u00bb header_text_color=\u00a0\u00bb#334255&Prime; header_font_size=\u00a0\u00bb47px\u00a0\u00bb custom_margin=\u00a0\u00bb||10px|||\u00a0\u00bb custom_padding=\u00a0\u00bb20px||||false|false\u00a0\u00bb global_colors_info=\u00a0\u00bb{}\u00a0\u00bb]<\/p>\n<h1><span>S\u00e9jours \u00e0 Essaouira<\/span><\/h1>\n<p>[\/et_pb_text][et_pb_text _builder_version=\u00a0\u00bb4.27.4&Prime; _module_preset=\u00a0\u00bbdefault\u00a0\u00bb width=\u00a0\u00bb80%\u00a0\u00bb width_tablet=\u00a0\u00bb80%\u00a0\u00bb width_phone=\u00a0\u00bb100%\u00a0\u00bb width_last_edited=\u00a0\u00bbon|phone\u00a0\u00bb module_alignment=\u00a0\u00bbcenter\u00a0\u00bb global_colors_info=\u00a0\u00bb{}\u00a0\u00bb]<\/p>\n<p data-start=\"413\" data-end=\"545\" class=\"\" style=\"text-align: center;\"><span>\u00c0 la recherche d&rsquo;un<strong> endroit douillet o\u00f9 vous reposer<\/strong> apr\u00e8s une journ\u00e9e compl\u00e8te \u00e0 chasser les vagues ou \u00e0 vous envoler dans la baie ? Nous avons s\u00e9lectionn\u00e9 pour vous quelques-uns de nos lieux de s\u00e9jour pr\u00e9f\u00e9r\u00e9s \u00e0 Essaouira, des auberges de surf d\u00e9contract\u00e9es aux riads de charme nich\u00e9s dans la m\u00e9dina. Que vous soyez l\u00e0 pour une exp\u00e9rience compl\u00e8te en camp de surf \u00e0 Essaouira ou simplement pour des vacances tranquilles \u00e0 la plage, il y en a pour tous les go\u00fbts et tous les budgets.  <\/span><\/p>\n<p>[\/et_pb_text][et_pb_text _builder_version=\u00a0\u00bb4.27.4&Prime; _module_preset=\u00a0\u00bbdefault\u00a0\u00bb background_color=\u00a0\u00bb#FFFFFF\u00a0\u00bb width=\u00a0\u00bb80%\u00a0\u00bb width_tablet=\u00a0\u00bb80%\u00a0\u00bb width_phone=\u00a0\u00bb100%\u00a0\u00bb width_last_edited=\u00a0\u00bbon|phone\u00a0\u00bb module_alignment=\u00a0\u00bbcenter\u00a0\u00bb custom_padding=\u00a0\u00bb20px|20px|20px|20px|false|false\u00a0\u00bb hover_enabled=\u00a0\u00bb0&Prime; border_radii=\u00a0\u00bbon|10px|10px|10px|10px\u00a0\u00bb border_width_all=\u00a0\u00bb1px\u00a0\u00bb border_color_all=\u00a0\u00bb#0C71C3&Prime; global_colors_info=\u00a0\u00bb{}\u00a0\u00bb sticky_enabled=\u00a0\u00bb0&Prime;]<\/p>\n<p data-start=\"413\" data-end=\"545\" class=\"\" style=\"text-align: center;\"><span style=\"text-decoration: underline;\"><strong>Note importante :<\/strong><\/span> Ces recommandations amicales sont bas\u00e9es sur les retours des clients et l&rsquo;ambiance locale \u2014 nous ne sommes pas affili\u00e9s \u00e0 ces \u00e9tablissements, et le Seagull Club n&rsquo;est pas responsable des probl\u00e8mes de r\u00e9servation ou des d\u00e9sagr\u00e9ments li\u00e9s au s\u00e9jour. Nous sommes simplement l\u00e0 pour vous aider \u00e0 vous sentir chez vous dans ce magnifique coin du Maroc. Yallah, trouvons votre s\u00e9jour parfait !  <\/p>\n<p>[\/et_pb_text][\/et_pb_column][\/et_pb_row][et_pb_row _builder_version=\u00a0\u00bb4.27.4&Prime; _module_preset=\u00a0\u00bbdefault\u00a0\u00bb width_tablet=\u00a0\u00bb\u00a0\u00bb width_phone=\u00a0\u00bb95%\u00a0\u00bb width_last_edited=\u00a0\u00bbon|phone\u00a0\u00bb max_width=\u00a0\u00bb1673px\u00a0\u00bb hover_enabled=\u00a0\u00bb0&Prime; global_colors_info=\u00a0\u00bb{}\u00a0\u00bb sticky_enabled=\u00a0\u00bb0&Prime;][et_pb_column type=\u00a0\u00bb4_4&Prime; _builder_version=\u00a0\u00bb4.27.4&Prime; _module_preset=\u00a0\u00bbdefault\u00a0\u00bb global_colors_info=\u00a0\u00bb{}\u00a0\u00bb][et_pb_text _builder_version=\u00a0\u00bb4.27.4&Prime; _module_preset=\u00a0\u00bbdefault\u00a0\u00bb header_font=\u00a0\u00bbInter|700|||||||\u00a0\u00bb header_text_align=\u00a0\u00bbcenter\u00a0\u00bb header_text_color=\u00a0\u00bb#334255&Prime; header_font_size=\u00a0\u00bb47px\u00a0\u00bb header_2_font=\u00a0\u00bbInter|700|||||||\u00a0\u00bb custom_margin=\u00a0\u00bb||3px|||\u00a0\u00bb custom_padding=\u00a0\u00bb20px||6px||false|false\u00a0\u00bb locked=\u00a0\u00bboff\u00a0\u00bb global_colors_info=\u00a0\u00bb{}\u00a0\u00bb]<\/p>\n<h2 class=\"p1\" style=\"text-align: center;\"><b>Recommandations de riads<\/b><\/h2>\n<p>[\/et_pb_text][et_pb_text _builder_version=\u00a0\u00bb4.27.4&Prime; _module_preset=\u00a0\u00bbdefault\u00a0\u00bb width=\u00a0\u00bb80%\u00a0\u00bb width_tablet=\u00a0\u00bb80%\u00a0\u00bb width_phone=\u00a0\u00bb100%\u00a0\u00bb width_last_edited=\u00a0\u00bbon|phone\u00a0\u00bb module_alignment=\u00a0\u00bbcenter\u00a0\u00bb locked=\u00a0\u00bboff\u00a0\u00bb global_colors_info=\u00a0\u00bb{}\u00a0\u00bb]<\/p>\n<p class=\"p1\" style=\"text-align: center;\">Voici une s\u00e9lection de <strong>riads<\/strong> que nous recommandons \u00e0 nos clients, avec des prix allant <strong>de 30<\/strong><span><strong>\u20ac jusqu&rsquo;\u00e0 110 \u20ac<\/strong>.<\/span><\/p>\n<p>[\/et_pb_text][dipi_carousel columns=\u00a0\u00bb3&Prime; space_between=\u00a0\u00bb40&Prime; navigation=\u00a0\u00bbon\u00a0\u00bb pagination=\u00a0\u00bbon\u00a0\u00bb navigation_prev_icon_yn=\u00a0\u00bbon\u00a0\u00bb navigation_prev_icon=\u00a0\u00bb&#x34;||divi||400&Prime; navigation_next_icon_yn=\u00a0\u00bbon\u00a0\u00bb navigation_next_icon=\u00a0\u00bb&#x35;||divi||400&Prime; navigation_color=\u00a0\u00bb#FFFFFF\u00a0\u00bb navigation_bg_color=\u00a0\u00bb#020F9A\u00a0\u00bb navigation_position_left=\u00a0\u00bb-50&Prime; navigation_position_right=\u00a0\u00bb-50&Prime; pagination_color=\u00a0\u00bb#ffffff\u00a0\u00bb pagination_active_color=\u00a0\u00bb#ffffff\u00a0\u00bb columns_tablet=\u00a0\u00bb2&Prime; columns_phone=\u00a0\u00bb1&Prime; columns_last_edited=\u00a0\u00bbon|phone\u00a0\u00bb space_between_tablet=\u00a0\u00bb35&Prime; space_between_phone=\u00a0\u00bb\u00a0\u00bb space_between_last_edited=\u00a0\u00bbon|phone\u00a0\u00bb navigation_position_left_tablet=\u00a0\u00bb0px\u00a0\u00bb navigation_position_left_phone=\u00a0\u00bb0px\u00a0\u00bb navigation_position_left_last_edited=\u00a0\u00bbon|tablet\u00a0\u00bb navigation_position_right_tablet=\u00a0\u00bb0px\u00a0\u00bb navigation_position_right_phone=\u00a0\u00bb0px\u00a0\u00bb navigation_position_right_last_edited=\u00a0\u00bbon|desktop\u00a0\u00bb _builder_version=\u00a0\u00bb4.27.4&Prime; title_font=\u00a0\u00bbAbhaya Libre||||||||\u00a0\u00bb title_text_color=\u00a0\u00bb#0A0A0A\u00a0\u00bb desc_font=\u00a0\u00bbAbhaya Libre||||||||\u00a0\u00bb desc_text_color=\u00a0\u00bb#64738B\u00a0\u00bb desc_font_size=\u00a0\u00bb18px\u00a0\u00bb desc_line_height=\u00a0\u00bb1.1em\u00a0\u00bb background_color=\u00a0\u00bbRGBA(255,255,255,0)\u00a0\u00bb custom_button=\u00a0\u00bbon\u00a0\u00bb button_text_color=\u00a0\u00bb#FFFFFF\u00a0\u00bb button_bg_color=\u00a0\u00bb#020F9A\u00a0\u00bb button_font=\u00a0\u00bb&#8211;et_global_body_font||||||||\u00a0\u00bb box_shadow_style=\u00a0\u00bbpreset3&Prime; box_shadow_color=\u00a0\u00bbRGBA(255,255,255,0)\u00a0\u00bb locked=\u00a0\u00bboff\u00a0\u00bb global_colors_info=\u00a0\u00bb{}\u00a0\u00bb][dipi_carousel_child img_src=\u00a0\u00bbhttp:\/\/seagullessaouira.com\/wp-content\/uploads\/2022\/09\/4995631.jpg.webp\u00a0\u00bb title_text=\u00a0\u00bbRIAD MAISON DU SUD\u00a0\u00bb desc_text=\u00a0\u00bb<\/p>\n<p>propose des chambres et suites luxueuses avec mezzanine et un salon confortable. Toutes les chambres donnent sur le patio lumineux. Le Wi-Fi est gratuit. Apr\u00e8s une journ\u00e9e \u00e0 la plage ou en visite, d\u00e9gustez des sp\u00e9cialit\u00e9s typiques pr\u00e9par\u00e9es avec des produits frais du march\u00e9. Pour votre d\u00e9tente, La Maison du Sud dispose de salons confortables et d&apos;une terrasse ensoleill\u00e9e offrant une vue sur la mer. Les voyageurs en solo appr\u00e9cient particuli\u00e8rement l&apos;emplacement     <\/p>\n<p>\u00a0\u00bb show_button=\u00a0\u00bbon\u00a0\u00bb carousel_button_text=\u00a0\u00bbV\u00e9rifier la disponibilit\u00e9\u00a0\u00bb button_link=\u00a0\u00bbhttps:\/\/www.booking.com\/Share-6ejsIe\u00a0\u00bb image_animation=\u00a0\u00bbzoomout\u00a0\u00bb _builder_version=\u00a0\u00bb4.27.4&Prime; background_color=\u00a0\u00bb#FFFFFF\u00a0\u00bb background_enable_color=\u00a0\u00bbon\u00a0\u00bb custom_carousel_button=\u00a0\u00bbon\u00a0\u00bb carousel_button_text_size=\u00a0\u00bb15px\u00a0\u00bb carousel_button_text_color=\u00a0\u00bb#ffffff\u00a0\u00bb carousel_button_bg_color=\u00a0\u00bbrgba(255,255,255,0.15)\u00a0\u00bb carousel_button_border_width=\u00a0\u00bb0px\u00a0\u00bb carousel_button_border_color=\u00a0\u00bb#ffffff\u00a0\u00bb carousel_button_icon=\u00a0\u00bb%%114%%\u00a0\u00bb custom_padding=\u00a0\u00bb10px|10px|30px|10px|false|false\u00a0\u00bb global_colors_info=\u00a0\u00bb{}\u00a0\u00bb][\/dipi_carousel_child][dipi_carousel_child img_src=\u00a0\u00bbhttp:\/\/seagullessaouira.com\/wp-content\/uploads\/2022\/09\/339196238.jpg.webp\u00a0\u00bb title_text=\u00a0\u00bbRIAD AL KHANSAA\u00a0\u00bb desc_text=\u00a0\u00bb<\/p>\n<p>Les clients peuvent savourer une cuisine marocaine authentique au Riad Alkhansaa. Il dispose \u00e9galement d&apos;une terrasse sur le toit et d&apos;un salon avec acc\u00e8s Wi-Fi gratuit. Le Riad Alkhansaa assure une r\u00e9ception 24h\/24 et un service de navette a\u00e9roport. L&apos;a\u00e9roport d&apos;Essaouira se trouve \u00e0 20 minutes en voiture. Les voyageurs en solo appr\u00e9cient particuli\u00e8rement l&apos;emplacement.    <\/p>\n<p>\u00a0\u00bb show_button=\u00a0\u00bbon\u00a0\u00bb carousel_button_text=\u00a0\u00bbV\u00e9rifier la disponibilit\u00e9\u00a0\u00bb button_link=\u00a0\u00bbhttps:\/\/www.booking.com\/Share-W2DU1p\u00a0\u00bb image_animation=\u00a0\u00bbzoomout\u00a0\u00bb _builder_version=\u00a0\u00bb4.27.4&Prime; background_color=\u00a0\u00bb#FFFFFF\u00a0\u00bb background_enable_color=\u00a0\u00bbon\u00a0\u00bb custom_carousel_button=\u00a0\u00bbon\u00a0\u00bb carousel_button_text_size=\u00a0\u00bb15px\u00a0\u00bb carousel_button_text_color=\u00a0\u00bb#FFFFFF\u00a0\u00bb carousel_button_bg_color=\u00a0\u00bb#020F9A\u00a0\u00bb carousel_button_border_width=\u00a0\u00bb0px\u00a0\u00bb carousel_button_border_color=\u00a0\u00bb#ffffff\u00a0\u00bb carousel_button_icon=\u00a0\u00bb%%114%%\u00a0\u00bb custom_padding=\u00a0\u00bb10px|10px|30px|10px|false|false\u00a0\u00bb global_colors_info=\u00a0\u00bb{}\u00a0\u00bb][\/dipi_carousel_child][dipi_carousel_child img_src=\u00a0\u00bbhttp:\/\/seagullessaouira.com\/wp-content\/uploads\/2022\/09\/16930025.jpg.webp\u00a0\u00bb title_text=\u00a0\u00bbDAR LES SIR\u00c8NES\u00a0\u00bb desc_text=\u00a0\u00bb<\/p>\n<p>\u00e0 seulement 10 minutes \u00e0 pied de la citadelle et \u00e0 3 km du Golf de Mogador. Il propose des cours de cuisine. Les chambres du Dar les Sir\u00e8nes allient style contemporain et marocain. Chacune dispose d&apos;un acc\u00e8s Wi-Fi gratuit et d&apos;une salle de bains privative avec douche. Petit-d\u00e9jeuner continental, une navette gratuite est disponible pour le Golf de Mogador et un service de location de voitures est propos\u00e9 sur place. Les clients peuvent profiter des Happy Hours avec th\u00e9 et p\u00e2tisseries servis sur le toit-terrasse.     <\/p>\n<p>\u00a0\u00bb show_button=\u00a0\u00bbon\u00a0\u00bb carousel_button_text=\u00a0\u00bbV\u00e9rifier la disponibilit\u00e9\u00a0\u00bb button_link=\u00a0\u00bbhttps:\/\/www.booking.com\/hotel\/ma\/dar-les-sira-nes.fr.html?label=New_French_FR_5226377665-D6R5ujmWNO0TlFST85_5UAS640938625622%3Apl%3Ata%3Ap1%3Ap2%3Aac%3Aap%3Aneg&amp;sid=76ff34fbc66bebc1ab61f8c52171e5e9&amp;gclid=CjwKCAjw0YGyBhByEiwAQmBEWsbv2Fnp-l0iR0TSCQ8dWcdehsWyLt_FP5P-Hf6mC6h61Pxw_i5FyhoCl7sQAvD_BwE&amp;aid=318615&amp;ucfs=1&amp;arphpl=1&amp;checkin=2024-05-13&amp;checkout=2024-05-14&amp;dest_id=-32532&amp;dest_type=city&amp;group_adults=1&amp;req_adults=1&amp;no_rooms=1&amp;group_children=0&amp;req_children=0&amp;hpos=1&amp;hapos=1&amp;sr_order=popularity&amp;srpvid=0caba413f90f0112&amp;srepoch=1715556011&amp;all_sr_blocks=50227303_364050289_0_1_0&amp;highlighted_blocks=50227303_364050289_0_1_0&amp;matching_block_id=50227303_364050289_0_1_0&amp;sr_pri_blocks=50227303_364050289_0_1_0__8000&amp;from_sustainable_property_sr=1&amp;from=searchresults#hotelTmpl\u00a0\u00bb image_animation=\u00a0\u00bbzoomout\u00a0\u00bb _builder_version=\u00a0\u00bb4.27.4&Prime; background_color=\u00a0\u00bb#FFFFFF\u00a0\u00bb background_enable_color=\u00a0\u00bbon\u00a0\u00bb custom_carousel_button=\u00a0\u00bbon\u00a0\u00bb carousel_button_text_size=\u00a0\u00bb15px\u00a0\u00bb carousel_button_text_color=\u00a0\u00bb#FFFFFF\u00a0\u00bb carousel_button_bg_color=\u00a0\u00bb#020F9A\u00a0\u00bb carousel_button_border_width=\u00a0\u00bb0px\u00a0\u00bb carousel_button_border_color=\u00a0\u00bb#ffffff\u00a0\u00bb carousel_button_icon=\u00a0\u00bb%%114%%\u00a0\u00bb custom_padding=\u00a0\u00bb10px|10px|30px|10px|false|false\u00a0\u00bb global_colors_info=\u00a0\u00bb{}\u00a0\u00bb][\/dipi_carousel_child][dipi_carousel_child img_src=\u00a0\u00bbhttp:\/\/seagullessaouira.com\/wp-content\/uploads\/2022\/09\/555571331.jpg.webp\u00a0\u00bb title_text=\u00a0\u00bbPALAIS DES REMPARTS\u00a0\u00bb desc_text=\u00a0\u00bb<\/p>\n<p>situ\u00e9 au c\u0153ur de la m\u00e9dina d&apos;Essaouira, \u00e0 seulement 3 minutes de la plage. Datant du XVIIIe si\u00e8cle, cet h\u00f4tel d\u00e9sormais \u00e9l\u00e9gant sert une cuisine marocaine traditionnelle. Les chambres disposent d&apos;une salle de bains privative et d&apos;une d\u00e9coration marocaine traditionnelle. Le Riad sert une cuisine r\u00e9gionale \u00e9labor\u00e9e \u00e0 partir de produits locaux frais. Les clients peuvent d\u00e9guster leurs repas dans une atmosph\u00e8re intime dans les salles \u00e0 manger confortables. Apr\u00e8s une journ\u00e9e de visite, les clients peuvent se d\u00e9tendre sur la terrasse plant\u00e9e de palmiers ou profiter d&apos;un moment de relaxation au SPA.     <\/p>\n<p>\u00a0\u00bb show_button=\u00a0\u00bbon\u00a0\u00bb carousel_button_text=\u00a0\u00bbV\u00e9rifier la disponibilit\u00e9\u00a0\u00bb button_link=\u00a0\u00bbhttps:\/\/www.booking.com\/hotel\/ma\/palais-des-remparts.fr.html?label=New_French_FR_5226377665-D6R5ujmWNO0TlFST85_5UAS640938625622%3Apl%3Ata%3Ap1%3Ap2%3Aac%3Aap%3Aneg&amp;sid=76ff34fbc66bebc1ab61f8c52171e5e9&amp;aid=318615&amp;ucfs=1&amp;arphpl=1&amp;checkin=2024-05-13&amp;checkout=2024-05-14&amp;group_adults=1&amp;req_adults=1&amp;no_rooms=1&amp;group_children=0&amp;req_children=0&amp;hpos=1&amp;hapos=1&amp;sr_order=distance_from_search&amp;srpvid=c862a44eae8d0121&amp;srepoch=1715556127&amp;all_sr_blocks=23755705_352847767_2_41_0&amp;highlighted_blocks=23755705_352847767_2_41_0&amp;matching_block_id=23755705_352847767_2_41_0&amp;sr_pri_blocks=23755705_352847767_2_41_0__8000&amp;from_sustainable_property_sr=1&amp;from=searchresults#hotelTmpl\u00a0\u00bb image_animation=\u00a0\u00bbzoomout\u00a0\u00bb _builder_version=\u00a0\u00bb4.27.4&Prime; background_color=\u00a0\u00bb#FFFFFF\u00a0\u00bb background_enable_color=\u00a0\u00bbon\u00a0\u00bb custom_carousel_button=\u00a0\u00bbon\u00a0\u00bb carousel_button_text_size=\u00a0\u00bb15px\u00a0\u00bb carousel_button_text_color=\u00a0\u00bb#FFFFFF\u00a0\u00bb carousel_button_bg_color=\u00a0\u00bb#020F9A\u00a0\u00bb carousel_button_border_width=\u00a0\u00bb0px\u00a0\u00bb carousel_button_border_color=\u00a0\u00bb#ffffff\u00a0\u00bb carousel_button_icon=\u00a0\u00bb%%114%%\u00a0\u00bb custom_padding=\u00a0\u00bb10px|10px|30px|10px|false|false\u00a0\u00bb global_colors_info=\u00a0\u00bb{}\u00a0\u00bb][\/dipi_carousel_child][dipi_carousel_child img_src=\u00a0\u00bbhttp:\/\/seagullessaouira.com\/wp-content\/uploads\/2022\/09\/434179034.jpg.webp\u00a0\u00bb title_text=\u00a0\u00bbRIAD MIMOUNA\u00a0\u00bb desc_text=\u00a0\u00bb<\/p>\n<p>Au bord de l&apos;oc\u00e9an, le Mimouna est un riad traditionnel offrant un h\u00e9bergement paisible et une grande terrasse avec vue panoramique sur la mer \u00e0 Essaouira. Le Wi-Fi gratuit est disponible dans les espaces communs du Mimouna. Les chambres et suites disposent de caract\u00e9ristiques marocaines authentiques et de conforts modernes, notamment une salle de bains privative. Certaines ont vue sur la mer. Des plats traditionnels marocains et des sp\u00e9cialit\u00e9s de poisson sont servis au restaurant. Le service en chambre et un service de snacks 24h\/24 sont \u00e9galement disponibles.     <\/p>\n<p>\u00a0\u00bb show_button=\u00a0\u00bbon\u00a0\u00bb carousel_button_text=\u00a0\u00bbV\u00e9rifier la disponibilit\u00e9\u00a0\u00bb button_link=\u00a0\u00bbhttps:\/\/www.booking.com\/Share-8r6AAG\u00a0\u00bb image_animation=\u00a0\u00bbzoomout\u00a0\u00bb _builder_version=\u00a0\u00bb4.27.4&Prime; background_color=\u00a0\u00bb#FFFFFF\u00a0\u00bb background_enable_color=\u00a0\u00bbon\u00a0\u00bb custom_carousel_button=\u00a0\u00bbon\u00a0\u00bb carousel_button_text_size=\u00a0\u00bb15px\u00a0\u00bb carousel_button_text_color=\u00a0\u00bb#FFFFFF\u00a0\u00bb carousel_button_bg_color=\u00a0\u00bb#020F9A\u00a0\u00bb carousel_button_border_width=\u00a0\u00bb0px\u00a0\u00bb carousel_button_border_color=\u00a0\u00bb#ffffff\u00a0\u00bb carousel_button_icon=\u00a0\u00bb%%114%%\u00a0\u00bb custom_padding=\u00a0\u00bb10px|10px|30px|10px|false|false\u00a0\u00bb global_colors_info=\u00a0\u00bb{}\u00a0\u00bb][\/dipi_carousel_child][\/dipi_carousel][et_pb_text _builder_version=\u00a0\u00bb4.27.4&Prime; _module_preset=\u00a0\u00bbdefault\u00a0\u00bb background_color=\u00a0\u00bb#FFFFFF\u00a0\u00bb width=\u00a0\u00bb80%\u00a0\u00bb width_tablet=\u00a0\u00bb80%\u00a0\u00bb width_phone=\u00a0\u00bb100%\u00a0\u00bb width_last_edited=\u00a0\u00bbon|phone\u00a0\u00bb module_alignment=\u00a0\u00bbcenter\u00a0\u00bb custom_padding=\u00a0\u00bb20px|20px|20px|20px|false|false\u00a0\u00bb border_radii=\u00a0\u00bbon|10px|10px|10px|10px\u00a0\u00bb border_width_all=\u00a0\u00bb1px\u00a0\u00bb border_color_all=\u00a0\u00bb#0C71C3&Prime; global_colors_info=\u00a0\u00bb{}\u00a0\u00bb]<\/p>\n<p data-start=\"413\" data-end=\"545\" class=\"\" style=\"text-align: center;\"><span style=\"text-decoration: underline;\"><strong>Note importante :<\/strong><\/span> Ces recommandations amicales sont bas\u00e9es sur les retours des clients et l&rsquo;ambiance locale \u2014 nous ne sommes pas affili\u00e9s \u00e0 ces \u00e9tablissements, et le Seagull Club n&rsquo;est pas responsable des probl\u00e8mes de r\u00e9servation ou des d\u00e9sagr\u00e9ments li\u00e9s au s\u00e9jour. Nous sommes simplement l\u00e0 pour vous aider \u00e0 vous sentir chez vous dans ce magnifique coin du Maroc. Yallah, trouvons votre s\u00e9jour parfait !  <\/p>\n<p>[\/et_pb_text][\/et_pb_column][\/et_pb_row][\/et_pb_section]<\/p>\n","protected":false},"excerpt":{"rendered":"<p>S\u00e9jours \u00e0 Essaouira\u00c0 la recherche d&rsquo;un endroit douillet o\u00f9 vous reposer apr\u00e8s une journ\u00e9e compl\u00e8te \u00e0 chasser les vagues ou \u00e0 vous envoler dans la baie ? Nous avons s\u00e9lectionn\u00e9 pour vous quelques-uns de nos lieux de s\u00e9jour pr\u00e9f\u00e9r\u00e9s \u00e0 Essaouira, des auberges de surf d\u00e9contract\u00e9es aux riads de charme nich\u00e9s dans la m\u00e9dina. Que [&hellip;]<\/p>\n","protected":false},"author":1,"featured_media":0,"parent":0,"menu_order":0,"comment_status":"closed","ping_status":"closed","template":"","meta":{"_acf_changed":false,"_et_pb_use_builder":"on","_et_pb_old_content":"","_et_gb_content_width":"","footnotes":""},"dipi_cpt_category":[],"class_list":["post-25989556","page","type-page","status-publish","hentry"],"acf":[],"_hostinger_reach_plugin_has_subscription_block":false,"_hostinger_reach_plugin_is_elementor":false,"_links":{"self":[{"href":"https:\/\/seagullessaouira.com\/fr\/wp-json\/wp\/v2\/pages\/25989556","targetHints":{"allow":["GET"]}}],"collection":[{"href":"https:\/\/seagullessaouira.com\/fr\/wp-json\/wp\/v2\/pages"}],"about":[{"href":"https:\/\/seagullessaouira.com\/fr\/wp-json\/wp\/v2\/types\/page"}],"author":[{"embeddable":true,"href":"https:\/\/seagullessaouira.com\/fr\/wp-json\/wp\/v2\/users\/1"}],"replies":[{"embeddable":true,"href":"https:\/\/seagullessaouira.com\/fr\/wp-json\/wp\/v2\/comments?post=25989556"}],"version-history":[{"count":2,"href":"https:\/\/seagullessaouira.com\/fr\/wp-json\/wp\/v2\/pages\/25989556\/revisions"}],"predecessor-version":[{"id":25989558,"href":"https:\/\/seagullessaouira.com\/fr\/wp-json\/wp\/v2\/pages\/25989556\/revisions\/25989558"}],"wp:attachment":[{"href":"https:\/\/seagullessaouira.com\/fr\/wp-json\/wp\/v2\/media?parent=25989556"}],"wp:term":[{"taxonomy":"dipi_cpt_category","embeddable":true,"href":"https:\/\/seagullessaouira.com\/fr\/wp-json\/wp\/v2\/dipi_cpt_category?post=25989556"}],"curies":[{"name":"wp","href":"https:\/\/api.w.org\/{rel}","templated":true}]}}